{"id":879,"date":"2025-09-22T13:49:29","date_gmt":"2025-09-22T11:49:29","guid":{"rendered":"https:\/\/spiderglue.pl\/?page_id=879"},"modified":"2025-09-22T14:38:18","modified_gmt":"2025-09-22T12:38:18","slug":"polityka-prywatnosci","status":"publish","type":"page","link":"https:\/\/spiderglue.pl\/index.php\/polityka-prywatnosci\/","title":{"rendered":"Polityka prywatno\u015bci"},"content":{"rendered":"\t\t<div data-elementor-type=\"wp-page\" data-elementor-id=\"879\" class=\"elementor elementor-879\" data-elementor-post-type=\"page\">\n\t\t\t\t\t\t<section class=\"elementor-section elementor-top-section elementor-element elementor-element-0174b03 elementor-section-boxed elementor-section-height-default elementor-section-height-default\" data-id=\"0174b03\" data-element_type=\"section\" data-settings=\"{&quot;background_background&quot;:&quot;classic&quot;,&quot;ekit_has_onepagescroll_dot&quot;:&quot;yes&quot;}\">\n\t\t\t\t\t\t<div class=\"elementor-container elementor-column-gap-default\">\n\t\t\t\t\t<div class=\"elementor-column elementor-col-100 elementor-top-column elementor-element elementor-element-754f91c\" data-id=\"754f91c\" data-element_type=\"column\">\n\t\t\t<div class=\"elementor-widget-wrap elementor-element-populated\">\n\t\t\t\t\t\t<div class=\"elementor-element elementor-element-4a71453 elementor-widget elementor-widget-spacer\" data-id=\"4a71453\" data-element_type=\"widget\" data-settings=\"{&quot;ekit_we_effect_on&quot;:&quot;none&quot;}\" data-widget_type=\"spacer.default\">\n\t\t\t\t<div class=\"elementor-widget-container\">\n\t\t\t\t\t\t\t<div class=\"elementor-spacer\">\n\t\t\t<div class=\"elementor-spacer-inner\"><\/div>\n\t\t<\/div>\n\t\t\t\t\t\t<\/div>\n\t\t\t\t<\/div>\n\t\t\t\t<div class=\"elementor-element elementor-element-c4cb6fb elementor-widget elementor-widget-heading\" data-id=\"c4cb6fb\" data-element_type=\"widget\" data-settings=\"{&quot;ekit_we_effect_on&quot;:&quot;none&quot;}\" data-widget_type=\"heading.default\">\n\t\t\t\t<div class=\"elementor-widget-container\">\n\t\t\t\t\t<h2 class=\"elementor-heading-title elementor-size-default\">Polityka prywatno\u015bci<\/h2>\t\t\t\t<\/div>\n\t\t\t\t<\/div>\n\t\t\t\t<div class=\"elementor-element elementor-element-787343d elementor-widget elementor-widget-text-editor\" data-id=\"787343d\" data-element_type=\"widget\" data-settings=\"{&quot;ekit_we_effect_on&quot;:&quot;none&quot;}\" data-widget_type=\"text-editor.default\">\n\t\t\t\t<div class=\"elementor-widget-container\">\n\t\t\t\t\t\t\t\t\tMo\u017cemy przetwarza\u0107 Twoje dane osobowe i u\u017cywa\u0107 technologii takich jak pliki cookies w celu \u015bwiadczenia us\u0142ug oraz prowadzenia statystyk. Mo\u017cesz w ka\u017cdej chwili zmieni\u0107 sw\u00f3j wyb\u00f3r, klikaj\u0105c &#8222;Ustawienia prywatno\u015bci&#8221; w stopce strony i\/lub w ustawieniach przegl\u0105darki. Korzystaj\u0105c ze strony, zgadzasz si\u0119 z warunkami przetwarzania danych osobowych zawartymi w polityce prywatno\u015bci.\t\t\t\t\t\t\t\t<\/div>\n\t\t\t\t<\/div>\n\t\t\t\t<div class=\"elementor-element elementor-element-d89ef08 elementor-widget elementor-widget-heading\" data-id=\"d89ef08\" data-element_type=\"widget\" data-settings=\"{&quot;ekit_we_effect_on&quot;:&quot;none&quot;}\" data-widget_type=\"heading.default\">\n\t\t\t\t<div class=\"elementor-widget-container\">\n\t\t\t\t\t<h3 class=\"elementor-heading-title elementor-size-default\">O plikach cookie<\/h3>\t\t\t\t<\/div>\n\t\t\t\t<\/div>\n\t\t\t\t<div class=\"elementor-element elementor-element-10cf59f elementor-widget elementor-widget-text-editor\" data-id=\"10cf59f\" data-element_type=\"widget\" data-settings=\"{&quot;ekit_we_effect_on&quot;:&quot;none&quot;}\" data-widget_type=\"text-editor.default\">\n\t\t\t\t<div class=\"elementor-widget-container\">\n\t\t\t\t\t\t\t\t\t<p>Pliki cookie to ma\u0142e pliki tekstowe przechowywane na Twoim komputerze przez strony internetowe, kt\u00f3re przegl\u0105dasz. Strony internetowe korzystaj\u0105 z plik\u00f3w cookie w celu u\u0142atwienia u\u017cytkownikom sprawnej nawigacji i wykonywania okre\u015blonych funkcji. Pliki cookie, kt\u00f3re s\u0105 niezb\u0119dne do prawid\u0142owego funkcjonowania strony internetowej, nie wymagaj\u0105 Twojej zgody. Wszystkie inne pliki cookie wymagaj\u0105 zgody przed ustawieniem ich obs\u0142ugi w przegl\u0105darce.<\/p><p>Mo\u017cesz w ka\u017cdej chwili zmieni\u0107 decyzj\u0119 na temat korzystania z plik\u00f3w cookie na naszej stronie dotycz\u0105cej polityki prywatno\u015bci.<\/p>\t\t\t\t\t\t\t\t<\/div>\n\t\t\t\t<\/div>\n\t\t\t\t<div class=\"elementor-element elementor-element-c9f3b41 elementor-widget elementor-widget-heading\" data-id=\"c9f3b41\" data-element_type=\"widget\" data-settings=\"{&quot;ekit_we_effect_on&quot;:&quot;none&quot;}\" data-widget_type=\"heading.default\">\n\t\t\t\t<div class=\"elementor-widget-container\">\n\t\t\t\t\t<h3 class=\"elementor-heading-title elementor-size-default\">O\u015bwiadczenie o plikach cookie<\/h3>\t\t\t\t<\/div>\n\t\t\t\t<\/div>\n\t\t\t\t<div class=\"elementor-element elementor-element-04f15ed elementor-widget elementor-widget-heading\" data-id=\"04f15ed\" data-element_type=\"widget\" data-settings=\"{&quot;ekit_we_effect_on&quot;:&quot;none&quot;}\" data-widget_type=\"heading.default\">\n\t\t\t\t<div class=\"elementor-widget-container\">\n\t\t\t\t\t<h4 class=\"elementor-heading-title elementor-size-default\">Niezb\u0119dne<\/h4>\t\t\t\t<\/div>\n\t\t\t\t<\/div>\n\t\t\t\t<div class=\"elementor-element elementor-element-7cbb3b7 elementor-widget elementor-widget-text-editor\" data-id=\"7cbb3b7\" data-element_type=\"widget\" data-settings=\"{&quot;ekit_we_effect_on&quot;:&quot;none&quot;}\" data-widget_type=\"text-editor.default\">\n\t\t\t\t<div class=\"elementor-widget-container\">\n\t\t\t\t\t\t\t\t\tNiezb\u0119dne pliki cookie umo\u017cliwiaj\u0105 korzystanie z podstawowych funkcji strony internetowej, takich jak logowanie u\u017cytkownika i zarz\u0105dzanie kontem. Bez niezb\u0119dnych plik\u00f3w cookie nie mo\u017cna prawid\u0142owo korzysta\u0107 ze strony internetowej.\t\t\t\t\t\t\t\t<\/div>\n\t\t\t\t<\/div>\n\t\t\t\t<div class=\"elementor-element elementor-element-feb32ff elementor-widget elementor-widget-text-editor\" data-id=\"feb32ff\" data-element_type=\"widget\" data-settings=\"{&quot;ekit_we_effect_on&quot;:&quot;none&quot;}\" data-widget_type=\"text-editor.default\">\n\t\t\t\t<div class=\"elementor-widget-container\">\n\t\t\t\t\t\t\t\t\t<table>\n\n<tr>\n<td><strong>Nazwa<\/strong><\/td>\n<td><strong>Provider \/ Domena<\/strong><\/td>\n<td><strong>Okres przechowywania<\/strong><\/td>\n<td><strong>Opis<\/strong><\/td>\n<\/tr>\n\n\n<tr>\n<td>server_push_resources_hash<\/td>\n<td>.rytmtrade.com<\/td>\n<td>12 miesi\u0119cy<\/td>\n<td>Plik cookie u\u017cywany przez stron\u0119 do jej optymalizacji. Nie pobiera \u017cadnych danych u\u017cytkownika.<\/td>\n<\/tr>\n\n<tr>\n<td>_GRECAPTCHA<\/td>\n<td>Google LLC<br\/>\nwww.google.com<\/td>\n<td>6 miesi\u0119cy<\/td>\n<td>Plik cookie wymagany przez Google reCAPTCHA wykorzystywany do ochrony stron internetowych przed spamem i nadu\u017cyciami. Ten cookies u\u017cywany do analizy interakcji u\u017cytkownika z witryn\u0105, co pozwala odr\u00f3\u017cni\u0107 ludzi od bot\u00f3w. Cookies pomagaj\u0105 w zbieraniu danych takich jak ruchy myszy, klikni\u0119cia oraz inne wska\u017aniki aktywno\u015bci, kt\u00f3re s\u0105 oceniane pod k\u0105tem czy u\u017cytkownik jest prawdziwym cz\u0142owiekiem. Dzi\u0119ki temu reCAPTCHA strona internetowa jest chroniona przed automatycznymi atakami bot\u00f3w internetowych.<\/td>\n<\/tr>\n\n<tr>\n<td>CONCRETE5<\/td>\n<td>Concrete CMS<br\/>\nrytmtrade.com<\/td>\n<td>Sesja<\/td>\n<td>Ten plik cookie jest u\u017cywany przez CMS Concrete5, aby umo\u017cliwi\u0107 zarz\u0105dzanie sesjami u\u017cytkownik\u00f3w w aplikacji internetowych. Pomaga w utrzymywaniu stan\u00f3w sesji u\u017cytkownik\u00f3w w r\u00f3\u017cnych celach, takich jak logowanie u\u017cytkownik\u00f3w, sk\u0142adanie formularzy i obs\u0142uga danych tymczasowych.<\/td>\n<\/tr>\n\n<tr>\n<td><\/td>\n<td><\/td>\n<td><\/td>\n<td><\/td>\n<\/tr>\n\n<tr>\n<td>CookieScriptConsent<\/td>\n<td>CookieScript<r\/>rytmtrade.com<\/td>\n<td>1 rok<\/td>\n<td>Ten plik cookie jest u\u017cywany przez us\u0142ug\u0119 Cookie-Script.com do zapami\u0119tywania preferencji dotycz\u0105cych zgody u\u017cytkownika na pliki cookie. Jest to konieczne, aby baner cookie Cookie-Script.com dzia\u0142a\u0142 poprawnie.<\/td>\n<\/tr>\n\n\n\n\n<\/table>\t\t\t\t\t\t\t\t<\/div>\n\t\t\t\t<\/div>\n\t\t\t\t<div class=\"elementor-element elementor-element-191b885 elementor-widget elementor-widget-heading\" data-id=\"191b885\" data-element_type=\"widget\" data-settings=\"{&quot;ekit_we_effect_on&quot;:&quot;none&quot;}\" data-widget_type=\"heading.default\">\n\t\t\t\t<div class=\"elementor-widget-container\">\n\t\t\t\t\t<h4 class=\"elementor-heading-title elementor-size-default\">Wydajno\u015b\u0107<\/h4>\t\t\t\t<\/div>\n\t\t\t\t<\/div>\n\t\t\t\t<div class=\"elementor-element elementor-element-cf29abe elementor-widget elementor-widget-text-editor\" data-id=\"cf29abe\" data-element_type=\"widget\" data-settings=\"{&quot;ekit_we_effect_on&quot;:&quot;none&quot;}\" data-widget_type=\"text-editor.default\">\n\t\t\t\t<div class=\"elementor-widget-container\">\n\t\t\t\t\t\t\t\t\tWydajno\u015bciowe pliki cookie zbieraj\u0105 informacj\u0119 o tym, w jaki spos\u00f3b odwiedzaj\u0105cy korzystaj\u0105 ze strony, np. analityczne pliki cookie. Te pliki cookie nie mog\u0105 by\u0107 wykorzystywane do bezpo\u015bredniej identyfikacji konkretnego u\u017cytkownika.\t\t\t\t\t\t\t\t<\/div>\n\t\t\t\t<\/div>\n\t\t\t\t<div class=\"elementor-element elementor-element-220001c elementor-widget elementor-widget-text-editor\" data-id=\"220001c\" data-element_type=\"widget\" data-settings=\"{&quot;ekit_we_effect_on&quot;:&quot;none&quot;}\" data-widget_type=\"text-editor.default\">\n\t\t\t\t<div class=\"elementor-widget-container\">\n\t\t\t\t\t\t\t\t\t<table>\n<tbody>\n<tr>\n<td><strong>Nazwa<\/strong><\/td>\n<td><strong>Provider \/ Domena<\/strong><\/td>\n<td><strong>Okres przechowywania<\/strong><\/td>\n<td><strong>Opis<\/strong><\/td>\n<\/tr>\n\n<tr>\n<td>_gat_UA-8537529-3<\/td>\n<td>.rytmtrade.com<\/td>\n<td>58 sekund<\/td>\n<td>Jest to plik cookie typu wzorzec ustawiany przez Google Analytics, w kt\u00f3rym element wzorca w nazwie zawiera unikalny numer identyfikacyjny konta lub witryny internetowej, do kt\u00f3rej si\u0119 odnosi. Jest to odmiana pliku cookie _gat, kt\u00f3ry s\u0142u\u017cy do ograniczania ilo\u015bci danych zapisywanych przez Google w witrynach o du\u017cym nat\u0119\u017ceniu ruchu.<\/td>\n<\/tr>\n\n<tr>\n<td>_ga_9LHNE2SGBJ<\/td>\n<td>.rytmtrade.com<\/td>\n<td>1 rok 1 miesi\u0105c<\/td>\n<td>Ten plik cookie jest u\u017cywany przez Google Analytics do utrzymywania stanu sesji.<\/td>\n<\/tr>\n\n\n<tr>\n<td>_gid<\/td>\n<td>Google LLC<br\/>.rytmtrade.com<\/td>\n<td>1 dzie\u0144<\/td>\n<td>Ten plik cookie jest ustawiany przez Google Analytics. Przechowuje i aktualizuje unikaln\u0105 warto\u015b\u0107 dla ka\u017cdej odwiedzanej strony i s\u0142u\u017cy do liczenia i \u015bledzenia ods\u0142on.<\/td>\n<\/tr>\n\n\n<tr>\n<td>_gat_UA-63171745-1<\/td>\n<td>.rytmtrade.com<\/td>\n<td>58 sekund<\/td>\n<td>Jest to plik cookie typu wzorzec ustawiany przez Google Analytics, w kt\u00f3rym element wzorca w nazwie zawiera unikalny numer identyfikacyjny konta lub witryny internetowej, do kt\u00f3rej si\u0119 odnosi. Jest to odmiana pliku cookie _gat, kt\u00f3ry s\u0142u\u017cy do ograniczania ilo\u015bci danych zapisywanych przez Google w witrynach o du\u017cym nat\u0119\u017ceniu ruchu.<\/td>\n<\/tr>\n\n\n<tr>\n<td>_ga_89WE6VK8KW<\/td>\n<td>.rytmtrade.com<\/td>\n<td>1 rok 1 miesi\u0105c<\/td>\n<td>Ten plik cookie jest u\u017cywany przez Google Analytics do utrzymywania stanu sesji.<\/td>\n<\/tr>\n\n\n<tr>\n<td>_ga<\/td>\n<td>Google LLC<br\/>.rytmtrade.com<\/td>\n<td>1 rok 1 miesi\u0105c<\/td>\n<td>\tPlik cookie wymagany przez Google Analytics. Ten plik cookie s\u0142u\u017cy do rozr\u00f3\u017cniania unikalnych u\u017cytkownik\u00f3w poprzez przypisanie losowo wygenerowanej liczby jako identyfikatora klienta. Jest on uwzgl\u0119dniony w ka\u017cdym \u017c\u0105daniu strony w witrynie i s\u0142u\u017cy do obliczania danych dotycz\u0105cych odwiedzaj\u0105cych, sesji i kampanii na potrzeby raport\u00f3w analitycznych witryn.<\/td>\n<\/tr>\n\n\n<tr>\n<td>_ga_N6MKG5Y46R<\/td>\n<td>.rytmtrade.com<\/td>\n<td>1 rok 1 miesi\u0105c<\/td>\n<td>Ten plik cookie jest u\u017cywany przez Google Analytics do utrzymywania stanu sesji.<\/td>\n<\/tr>\n\n\n<tr>\n<td><\/td>\n<td><\/td>\n<td><\/td>\n<td><\/td>\n<\/tr>\n\n\n<tr>\n<td><\/td>\n<td><\/td>\n<td><\/td>\n<td><\/td>\n<\/tr>\n\n\n<\/tbody>\n<\/table>\t\t\t\t\t\t\t\t<\/div>\n\t\t\t\t<\/div>\n\t\t\t\t<div class=\"elementor-element elementor-element-b039630 elementor-widget elementor-widget-heading\" data-id=\"b039630\" data-element_type=\"widget\" data-settings=\"{&quot;ekit_we_effect_on&quot;:&quot;none&quot;}\" data-widget_type=\"heading.default\">\n\t\t\t\t<div class=\"elementor-widget-container\">\n\t\t\t\t\t<h4 class=\"elementor-heading-title elementor-size-default\">Targetowanie<\/h4>\t\t\t\t<\/div>\n\t\t\t\t<\/div>\n\t\t\t\t<div class=\"elementor-element elementor-element-01f75d1 elementor-widget elementor-widget-text-editor\" data-id=\"01f75d1\" data-element_type=\"widget\" data-settings=\"{&quot;ekit_we_effect_on&quot;:&quot;none&quot;}\" data-widget_type=\"text-editor.default\">\n\t\t\t\t<div class=\"elementor-widget-container\">\n\t\t\t\t\t\t\t\t\tPliki cookie ukierunkowane s\u0105 u\u017cywane do identyfikowania odwiedzaj\u0105cych mi\u0119dzy poszczeg\u00f3lnymi stronami internetowymi, np. partnerami tworz\u0105cymi tre\u015bci, sieciami reklamowymi. Te pliki cookie mog\u0105 by\u0107 wykorzystywane przez firmy do tworzenia profili zainteresowa\u0144 u\u017cytkownik\u00f3w lub wy\u015bwietlania odpowiednich reklam na innych stronach internetowych.\t\t\t\t\t\t\t\t<\/div>\n\t\t\t\t<\/div>\n\t\t\t\t<div class=\"elementor-element elementor-element-329cc37 elementor-widget elementor-widget-heading\" data-id=\"329cc37\" data-element_type=\"widget\" data-settings=\"{&quot;ekit_we_effect_on&quot;:&quot;none&quot;}\" data-widget_type=\"heading.default\">\n\t\t\t\t<div class=\"elementor-widget-container\">\n\t\t\t\t\t<h4 class=\"elementor-heading-title elementor-size-default\">Funkcjonalno\u015b\u0107<\/h4>\t\t\t\t<\/div>\n\t\t\t\t<\/div>\n\t\t\t\t<div class=\"elementor-element elementor-element-6e55f29 elementor-widget elementor-widget-text-editor\" data-id=\"6e55f29\" data-element_type=\"widget\" data-settings=\"{&quot;ekit_we_effect_on&quot;:&quot;none&quot;}\" data-widget_type=\"text-editor.default\">\n\t\t\t\t<div class=\"elementor-widget-container\">\n\t\t\t\t\t\t\t\t\tFunkcjonalne pliki cookie s\u0105 u\u017cywane do zapisywania ustawie\u0144 u\u017cytkownik\u00f3w odwiedzaj\u0105cych stron\u0119 internetow\u0105, np. j\u0119zyka, strefy czasowej, rozmieszczenia tre\u015bci.\t\t\t\t\t\t\t\t<\/div>\n\t\t\t\t<\/div>\n\t\t\t\t<div class=\"elementor-element elementor-element-c6f80ee elementor-widget elementor-widget-spacer\" data-id=\"c6f80ee\" data-element_type=\"widget\" data-settings=\"{&quot;ekit_we_effect_on&quot;:&quot;none&quot;}\" data-widget_type=\"spacer.default\">\n\t\t\t\t<div class=\"elementor-widget-container\">\n\t\t\t\t\t\t\t<div class=\"elementor-spacer\">\n\t\t\t<div class=\"elementor-spacer-inner\"><\/div>\n\t\t<\/div>\n\t\t\t\t\t\t<\/div>\n\t\t\t\t<\/div>\n\t\t\t\t\t<\/div>\n\t\t<\/div>\n\t\t\t\t\t<\/div>\n\t\t<\/section>\n\t\t\t\t<\/div>\n\t\t","protected":false},"excerpt":{"rendered":"<p>Polityka prywatno\u015bci Mo\u017cemy przetwarza\u0107 Twoje dane osobowe i u\u017cywa\u0107 technologii takich jak pliki cookies w celu \u015bwiadczenia us\u0142ug oraz prowadzenia statystyk. Mo\u017cesz w ka\u017cdej chwili zmieni\u0107 sw\u00f3j wyb\u00f3r, klikaj\u0105c &#8222;Ustawienia prywatno\u015bci&#8221; w stopce strony i\/lub w ustawieniach przegl\u0105darki. Korzystaj\u0105c ze strony, zgadzasz si\u0119 z warunkami przetwarzania danych osobowych zawartymi w polityce prywatno\u015bci. O plikach cookie [&hellip;]<\/p>\n","protected":false},"author":1,"featured_media":0,"parent":0,"menu_order":0,"comment_status":"closed","ping_status":"closed","template":"","meta":{"footnotes":""},"class_list":["post-879","page","type-page","status-publish","hentry"],"_links":{"self":[{"href":"https:\/\/spiderglue.pl\/index.php\/wp-json\/wp\/v2\/pages\/879","targetHints":{"allow":["GET"]}}],"collection":[{"href":"https:\/\/spiderglue.pl\/index.php\/wp-json\/wp\/v2\/pages"}],"about":[{"href":"https:\/\/spiderglue.pl\/index.php\/wp-json\/wp\/v2\/types\/page"}],"author":[{"embeddable":true,"href":"https:\/\/spiderglue.pl\/index.php\/wp-json\/wp\/v2\/users\/1"}],"replies":[{"embeddable":true,"href":"https:\/\/spiderglue.pl\/index.php\/wp-json\/wp\/v2\/comments?post=879"}],"version-history":[{"count":41,"href":"https:\/\/spiderglue.pl\/index.php\/wp-json\/wp\/v2\/pages\/879\/revisions"}],"predecessor-version":[{"id":927,"href":"https:\/\/spiderglue.pl\/index.php\/wp-json\/wp\/v2\/pages\/879\/revisions\/927"}],"wp:attachment":[{"href":"https:\/\/spiderglue.pl\/index.php\/wp-json\/wp\/v2\/media?parent=879"}],"curies":[{"name":"wp","href":"https:\/\/api.w.org\/{rel}","templated":true}]}}